{"id":32,"date":"2021-11-17T13:58:19","date_gmt":"2021-11-17T12:58:19","guid":{"rendered":"http:\/\/www.waldhorn-holzgerlingen.de\/?page_id=32"},"modified":"2026-04-08T04:59:33","modified_gmt":"2026-04-08T02:59:33","slug":"kontakt","status":"publish","type":"page","link":"https:\/\/www.waldhorn-holzgerlingen.de\/en\/kontakt\/","title":{"rendered":"Contact"},"content":{"rendered":"<div class=\"brz-root__container brz-reset-all brz brz-root__container-page\">\n<section id=\"50ef6b4892ffbf27b867_hdputalulnivurkclkxcpjvwxbtyprbxuuqm\" class=\"brz-section brz-css-1nlyniw\">\n<div class=\"brz-section__content brz-section--boxed brz-css-vaiba0 brz-css-fpeu8\" data-brz-custom-id=\"lqfktqfshmlfddrrhlprwkmiujrfojozzzku\">\n<div class=\"brz-bg\">\n<div class=\"brz-bg-image\"><\/div>\n<\/div>\n<div class=\"brz-container brz-css-j2t8mg\">\n<div id=\"\" class=\"brz-css-pmsst4 brz-css-8u23ry brz-wrapper\">\n<div class=\"brz-spacer brz-css-1dgo7ac\"><\/div>\n<\/div>\n<\/div>\n<\/div>\n<\/section>\n<section id=\"6e17ae2b4b9376e06421_rfareffljeulucchefxnegsqmoczvutyxigi\" class=\"brz-section brz-css-1nlyniw\">\n<div class=\"brz-section__content brz-section--boxed brz-css-vaiba0 brz-css-802tdr\" data-brz-custom-id=\"ivfctxpbuxqwtxrtayecewfbclznumcxsjsy\">\n<div class=\"brz-bg\">\n<div class=\"brz-bg-color\"><\/div>\n<\/div>\n<div class=\"brz-container brz-css-j2t8mg\">\n<div id=\"\" class=\"brz-css-pmsst4 brz-wrapper\">\n<div class=\"brz-rich-text brz-rich-text__custom brz-css-7zqg7e\" data-brz-custom-id=\"vzzdcyrxuspzxlzmhzhgpaefipouhhdctvdr\">\n<div data-brz-translate-text=\"1\">\n<p class=\"brz-tp-lg-heading1 brz-css-q15hE\" data-generated-css=\"brz-css-jhhlj\">Contact<\/p>\n<\/div>\n<\/div>\n<\/div>\n<div class=\"brz-row__container brz-css-1n0qmxj\" data-brz-custom-id=\"vlubbytwalcipqhihbczxvfzyqdlilgsckzi\">\n<div class=\"brz-bg\"><\/div>\n<div class=\"brz-row brz-css-1dsmizb brz-css-18tn64c\">\n<div class=\"brz-columns brz-css-iznu6v\" data-brz-custom-id=\"kizkqjzhcwxermqsxrhprkwylabgzeholwlq\">\n<div class=\"brz-bg\"><\/div>\n<div class=\"brz-column__items brz-css-1fxpeki brz-css-dgyngb\">\n<div id=\"\" class=\"brz-css-pmsst4 brz-wrapper\">\n<div class=\"brz-rich-text brz-rich-text__custom brz-css-7zqg7e\" data-brz-custom-id=\"xmigyxwicdjlzsmaxhlrjwpzckopdphjrzrl\">\n<div data-brz-translate-text=\"1\">\n<p class=\"brz-tp-lg-heading2 brz-css-qjrQH\" data-generated-css=\"brz-css-zznjn\">Restaurant Hotel Waldhorn<\/p>\n<\/div>\n<\/div>\n<\/div>\n<div id=\"\" class=\"brz-css-pmsst4 brz-wrapper\">\n<div class=\"brz-rich-text brz-rich-text__custom brz-css-7zqg7e\" data-brz-custom-id=\"rjnzlhxaywnclqidwixubqvrldqxgssqpudb\">\n<div data-brz-translate-text=\"1\">\n<p class=\"brz-tp-lg-paragraph brz-css-negwx\" data-generated-css=\"brz-css-ubosf\" data-uniq-id=\"vppxo\">B\u00f6blinger Str. 38<\/p>\n<p class=\"brz-tp-lg-paragraph brz-css-tvAH_\" data-uniq-id=\"dcsnw\" data-generated-css=\"brz-css-ziobu\">71088 Holzgerlingen<\/p>\n<p class=\"brz-tp-lg-paragraph brz-css-rslgx\" data-uniq-id=\"ztlnc\" data-generated-css=\"brz-css-ropzc\"><a class=\"link--external\" href=\"https:\/\/goo.gl\/maps\/Kh7XTBBmnLGZDe2G9\" data-brz-link-type=\"external\" target=\"_blank\">Open address in Google Maps<\/a><\/p>\n<p class=\"brz-tp-lg-paragraph brz-css-qhDA_\" data-uniq-id=\"thsqi\" data-generated-css=\"brz-css-saatn\"><\/p>\n<p class=\"brz-tp-lg-paragraph brz-css-pWtgd\" data-generated-css=\"brz-css-wsbjv\" data-uniq-id=\"wcgst\">Located in the heart of the Sch\u00f6nbuch Nature Park, our traditional establishment is just 10 minutes from the A81 motorway (exit B464 towards Holzgerlingen), 25 minutes from Stuttgart Airport, or easily accessible by train (from B\u00f6blingen station via the Sch\u00f6nbuchbahn, followed by a 5-minute walk to the hotel).<\/p>\n<p class=\"brz-tp-lg-paragraph brz-css-m2Cc_\" data-uniq-id=\"qbbie\" data-generated-css=\"brz-css-cpzem\"><\/p>\n<p class=\"brz-tp-lg-paragraph brz-css-sTazQ\" data-uniq-id=\"imulh\" data-generated-css=\"brz-css-ohlnc\">Phone: <a class=\"link--external\" href=\"tel:+49703174840\" data-brz-link-type=\"external\" target=\"_blank\">07031 74 84 0<\/a><\/p>\n<p class=\"brz-tp-lg-paragraph brz-css-b_QsB\" data-uniq-id=\"bxwro\" data-generated-css=\"brz-css-wngbx\"><\/p>\n<p class=\"brz-tp-lg-paragraph brz-css-qEoLY\" data-uniq-id=\"tbfzh\" data-generated-css=\"brz-css-dvirp\">E-Mail: <a class=\"link--external\" href=\"mailto:info@waldhorn-holzgerlingen.de\" data-brz-link-type=\"external\" target=\"_blank\">info@waldhorn-holzgerlingen.de<\/a><\/p>\n<\/div>\n<\/div>\n<\/div>\n<div id=\"\" class=\"brz-css-pmsst4 brz-wrapper\">\n<div class=\"brz-rich-text brz-rich-text__custom brz-css-7zqg7e\" data-brz-custom-id=\"vedufpwbwbmsdawuootyumpaduvivltwkqjx\">\n<div data-brz-translate-text=\"1\">\n<p class=\"brz-tp-lg-heading2 brz-css-ttE5i\" data-uniq-id=\"tgcly\" data-generated-css=\"brz-css-qphtn\">Opening Hours<\/p>\n<\/div>\n<\/div>\n<\/div>\n<div class=\"brz-row__container brz-css-1n0qmxj\" data-brz-custom-id=\"lmaefbsgjbqlhovcuzpwtvagqpliqlbkqigk\">\n<div class=\"brz-bg\"><\/div>\n<div class=\"brz-row brz-row--inner brz-css-1dsmizb brz-css-1ie2fj5\">\n<div class=\"brz-columns brz-css-iznu6v brz-css-i793od\" data-brz-custom-id=\"mzjuaoeixhksofqahbtuyenzuadnyfjpbvbk\">\n<div class=\"brz-bg\"><\/div>\n<div class=\"brz-column__items brz-css-1fxpeki brz-css-mtntwz\">\n<div id=\"\" class=\"brz-css-pmsst4 brz-wrapper\">\n<div class=\"brz-rich-text brz-rich-text__custom brz-css-7zqg7e\" data-brz-custom-id=\"tgqokugxuplosltbykgodrcayzlqhgjotnxr\">\n<div data-brz-translate-text=\"1\">\n<p class=\"brz-tp-lg-paragraph brz-css-doksd\" data-generated-css=\"brz-css-utfft\" data-uniq-id=\"nkjzv\"><span class=\"brz-cp-color2\">Closed on Mondays<\/span><\/p>\n<\/div>\n<\/div>\n<\/div>\n<\/div>\n<\/div>\n<div class=\"brz-columns brz-css-iznu6v brz-css-1j9y6vt\" data-brz-custom-id=\"pqypwktcswukwqiwszhapmsugympagyronyk\">\n<div class=\"brz-bg\"><\/div>\n<div class=\"brz-column__items brz-css-1fxpeki brz-css-c8otyf\">\n<div id=\"\" class=\"brz-css-pmsst4 brz-css-8u23ry brz-wrapper\">\n<div class=\"brz-spacer brz-css-1dgo7ac brz-css-dmthyb\"><\/div>\n<\/div>\n<\/div>\n<\/div>\n<div class=\"brz-columns brz-css-iznu6v brz-css-h5cey3\" data-brz-custom-id=\"bhvmlxvxjtsdfmutnxrqdmrbnuednqufgemg\">\n<div class=\"brz-bg\"><\/div>\n<div class=\"brz-column__items brz-css-1fxpeki brz-css-1v4rqz5\">\n<div id=\"\" class=\"brz-css-pmsst4 brz-css-8u23ry brz-wrapper\">\n<div class=\"brz-spacer brz-css-1dgo7ac brz-css-bzvgk0\"><\/div>\n<\/div>\n<\/div>\n<\/div>\n<\/div>\n<\/div>\n<div class=\"brz-row__container brz-css-1n0qmxj\" data-brz-custom-id=\"gxmowuufnjihjrbjascpykhjgbbkbcmqxaak\">\n<div class=\"brz-bg\"><\/div>\n<div class=\"brz-row brz-row--inner brz-css-1dsmizb brz-css-vxs3vc\">\n<div class=\"brz-columns brz-css-iznu6v brz-css-tg1d2k\" data-brz-custom-id=\"jaydikygqwyisuqhcsfcqzvatxsqugrsozky\">\n<div class=\"brz-bg\"><\/div>\n<div class=\"brz-column__items brz-css-1fxpeki brz-css-1d7ha2b\">\n<div id=\"\" class=\"brz-css-pmsst4 brz-wrapper\">\n<div class=\"brz-rich-text brz-rich-text__custom brz-css-7zqg7e\" data-brz-custom-id=\"shsajvkbtrxdfuriusdddsywqxkzgawpjmqw\">\n<div data-brz-translate-text=\"1\">\n<p class=\"brz-tp-lg-paragraph brz-css-nTTj5\" data-uniq-id=\"rpnpw\" data-generated-css=\"brz-css-goawn\"><span class=\"brz-cp-color2\">Tuesday<\/span><\/p>\n<\/div>\n<\/div>\n<\/div>\n<\/div>\n<\/div>\n<div class=\"brz-columns brz-css-iznu6v brz-css-axzc0t\" data-brz-custom-id=\"yyqlmpfsgeappfpiuslrvbzgpffktptunnsb\">\n<div class=\"brz-bg\"><\/div>\n<div class=\"brz-column__items brz-css-1fxpeki brz-css-1h2u08y\">\n<div id=\"\" class=\"brz-css-pmsst4 brz-css-8u23ry brz-wrapper\">\n<div class=\"brz-spacer brz-css-1dgo7ac brz-css-dr3q9j\"><\/div>\n<\/div>\n<\/div>\n<\/div>\n<div class=\"brz-columns brz-css-iznu6v brz-css-1nzriew\" data-brz-custom-id=\"oijqgtjjbloinktkfafhtfbisbrghdeqbdyj\">\n<div class=\"brz-bg\"><\/div>\n<div class=\"brz-column__items brz-css-1fxpeki brz-css-xgtxc2\">\n<div id=\"\" class=\"brz-css-pmsst4 brz-wrapper\">\n<div class=\"brz-rich-text brz-rich-text__custom brz-css-7zqg7e\" data-brz-custom-id=\"jsuobgejjjwiaohsznlwdgrjdoebqpveiezk\">\n<div data-brz-translate-text=\"1\">\n<p class=\"brz-tp-lg-paragraph brz-css-vIt8H\" data-generated-css=\"brz-css-ibgha\" data-uniq-id=\"otdcd\">17.30 &#8211; 21.30 Uhr<\/p>\n<\/div>\n<\/div>\n<\/div>\n<\/div>\n<\/div>\n<\/div>\n<\/div>\n<div class=\"brz-row__container brz-css-1n0qmxj\" data-brz-custom-id=\"vcvjmpmnngqfrujyvmjwcydoggmyjxngdfao\">\n<div class=\"brz-bg\"><\/div>\n<div class=\"brz-row brz-row--inner brz-css-1dsmizb brz-css-192kcxx\">\n<div class=\"brz-columns brz-css-iznu6v brz-css-oy0q0c\" data-brz-custom-id=\"ggmxsrrjxhtceqttojinmxunrnubvyudfmzn\">\n<div class=\"brz-bg\"><\/div>\n<div class=\"brz-column__items brz-css-1fxpeki brz-css-1orvk09\">\n<div id=\"\" class=\"brz-css-pmsst4 brz-wrapper\">\n<div class=\"brz-rich-text brz-rich-text__custom brz-css-7zqg7e\" data-brz-custom-id=\"jjnkpikzqkzycaygqtglkckjfohkgrjiiqrc\">\n<div data-brz-translate-text=\"1\">\n<p class=\"brz-tp-lg-paragraph brz-css-nbIMe\" data-generated-css=\"brz-css-exfwq\" data-uniq-id=\"kpspp\">Wednesday<\/p>\n<\/div>\n<\/div>\n<\/div>\n<\/div>\n<\/div>\n<div class=\"brz-columns brz-css-iznu6v brz-css-tl1ndl\" data-brz-custom-id=\"kokajgheubsdzznddgkotjvhpdhxshmoqyqq\">\n<div class=\"brz-bg\"><\/div>\n<div class=\"brz-column__items brz-css-1fxpeki brz-css-ak9djm\">\n<div id=\"\" class=\"brz-css-pmsst4 brz-css-8u23ry brz-wrapper\">\n<div class=\"brz-spacer brz-css-1dgo7ac brz-css-184xzmq\"><\/div>\n<\/div>\n<\/div>\n<\/div>\n<div class=\"brz-columns brz-css-iznu6v brz-css-1nsjrn5\" data-brz-custom-id=\"wwhmtzgxgaczvaoljumsogfqffneanohovuw\">\n<div class=\"brz-bg\"><\/div>\n<div class=\"brz-column__items brz-css-1fxpeki brz-css-jayuxv\">\n<div id=\"\" class=\"brz-css-pmsst4 brz-wrapper\">\n<div class=\"brz-rich-text brz-rich-text__custom brz-css-7zqg7e\" data-brz-custom-id=\"zwasiqmdattesaicyebqlofjooldpeafdkub\">\n<div data-brz-translate-text=\"1\">\n<p class=\"brz-tp-lg-paragraph brz-css-ko5fG\" data-generated-css=\"brz-css-ibgha\" data-uniq-id=\"otdcd\">17.30 &#8211; 21.30 Uhr<\/p>\n<\/div>\n<\/div>\n<\/div>\n<\/div>\n<\/div>\n<\/div>\n<\/div>\n<div class=\"brz-row__container brz-css-1n0qmxj\" data-brz-custom-id=\"onkaasbltpjqyxptjtwpevedvwqnazxxdkkz\">\n<div class=\"brz-bg\"><\/div>\n<div class=\"brz-row brz-row--inner brz-css-1dsmizb brz-css-1kqk9uq\">\n<div class=\"brz-columns brz-css-iznu6v brz-css-1ar7x43\" data-brz-custom-id=\"sielvahjqedezlijxbbhyqzagrmgylzvbnlh\">\n<div class=\"brz-bg\"><\/div>\n<div class=\"brz-column__items brz-css-1fxpeki brz-css-1kgidf3\">\n<div id=\"\" class=\"brz-css-pmsst4 brz-wrapper\">\n<div class=\"brz-rich-text brz-rich-text__custom brz-css-7zqg7e\" data-brz-custom-id=\"fcyxazpnbehoifxxowczfrshonrddfqvxsld\">\n<div data-brz-translate-text=\"1\">\n<p class=\"brz-tp-lg-paragraph brz-css-xuvbx\" data-uniq-id=\"fqsja\" data-generated-css=\"brz-css-kdjrf\">Thursday<\/p>\n<\/div>\n<\/div>\n<\/div>\n<\/div>\n<\/div>\n<div class=\"brz-columns brz-css-iznu6v brz-css-lkc40a\" data-brz-custom-id=\"xjzguwppcifkwlvgykrrrptpdrgijtqddkng\">\n<div class=\"brz-bg\"><\/div>\n<div class=\"brz-column__items brz-css-1fxpeki brz-css-khhjxl\">\n<div id=\"\" class=\"brz-css-pmsst4 brz-wrapper\">\n<div class=\"brz-rich-text brz-rich-text__custom brz-css-7zqg7e\" data-brz-custom-id=\"lctmfikkpnbeojvywaercqvhxntyufledvst\">\n<div data-brz-translate-text=\"1\">\n<p class=\"brz-tp-lg-paragraph brz-css-o4UGi\" data-uniq-id=\"ucsdw\" data-generated-css=\"brz-css-yjgsr\">11.30 &#8211; 14.30<\/p>\n<\/div>\n<\/div>\n<\/div>\n<\/div>\n<\/div>\n<div class=\"brz-columns brz-css-iznu6v brz-css-x7lb8d\" data-brz-custom-id=\"opyrycinteexgisbjdirihlfizmratqucmhd\">\n<div class=\"brz-bg\"><\/div>\n<div class=\"brz-column__items brz-css-1fxpeki brz-css-2ovo8z\">\n<div id=\"\" class=\"brz-css-pmsst4 brz-wrapper\">\n<div class=\"brz-rich-text brz-rich-text__custom brz-css-7zqg7e\" data-brz-custom-id=\"bhqukovvqfnzxhtpxyryjebfcmolmhxfexkj\">\n<div data-brz-translate-text=\"1\">\n<p class=\"brz-tp-lg-paragraph brz-css-mgScd\" data-generated-css=\"brz-css-ibgha\" data-uniq-id=\"otdcd\">17.30 &#8211; 21.30 Uhr<\/p>\n<\/div>\n<\/div>\n<\/div>\n<\/div>\n<\/div>\n<\/div>\n<\/div>\n<div class=\"brz-row__container brz-css-1n0qmxj\" data-brz-custom-id=\"cnfhukndnvyjbubbfnigyqkqyvnvyywwwtfi\">\n<div class=\"brz-bg\"><\/div>\n<div class=\"brz-row brz-row--inner brz-css-1dsmizb brz-css-uqoghx\">\n<div class=\"brz-columns brz-css-iznu6v brz-css-eral0n\" data-brz-custom-id=\"wsoiwytzeghlcniorxuezexhhyszzmtahpkm\">\n<div class=\"brz-bg\"><\/div>\n<div class=\"brz-column__items brz-css-1fxpeki brz-css-1vdhv1u\">\n<div id=\"\" class=\"brz-css-pmsst4 brz-wrapper\">\n<div class=\"brz-rich-text brz-rich-text__custom brz-css-7zqg7e\" data-brz-custom-id=\"ewqhihhzkoilokguksnjcmeqcwxacvsbvxlc\">\n<div data-brz-translate-text=\"1\">\n<p class=\"brz-tp-lg-paragraph brz-css-uh0lG\" data-generated-css=\"brz-css-hmxru\" data-uniq-id=\"kndnw\">Friday<\/p>\n<\/div>\n<\/div>\n<\/div>\n<\/div>\n<\/div>\n<div class=\"brz-columns brz-css-iznu6v brz-css-mp54il\" data-brz-custom-id=\"hxiduvedevoacuchzfxwirwvekczjdmvhrau\">\n<div class=\"brz-bg\"><\/div>\n<div class=\"brz-column__items brz-css-1fxpeki brz-css-xyshuj\">\n<div id=\"\" class=\"brz-css-pmsst4 brz-wrapper\">\n<div class=\"brz-rich-text brz-rich-text__custom brz-css-7zqg7e\" data-brz-custom-id=\"ttnwmjkfluayvzecwgpmuryzvjvmihbiyvyr\">\n<div data-brz-translate-text=\"1\">\n<p class=\"brz-tp-lg-paragraph brz-css-eG4D6\" data-generated-css=\"brz-css-yjpae\" data-uniq-id=\"fject\">11.30 &#8211; 14.30<\/p>\n<\/div>\n<\/div>\n<\/div>\n<\/div>\n<\/div>\n<div class=\"brz-columns brz-css-iznu6v brz-css-1moyegm\" data-brz-custom-id=\"eyskqiofqucvzovjddwrdhalaxcfogjevqvu\">\n<div class=\"brz-bg\"><\/div>\n<div class=\"brz-column__items brz-css-1fxpeki brz-css-1hywmju\">\n<div id=\"\" class=\"brz-css-pmsst4 brz-wrapper\">\n<div class=\"brz-rich-text brz-rich-text__custom brz-css-7zqg7e\" data-brz-custom-id=\"txflahriiwuworrdjmmytcgonjrhextayobl\">\n<div data-brz-translate-text=\"1\">\n<p class=\"brz-tp-lg-paragraph brz-css-rVMZw\" data-generated-css=\"brz-css-ibgha\" data-uniq-id=\"otdcd\">17.30 &#8211; 21.30 Uhr<\/p>\n<\/div>\n<\/div>\n<\/div>\n<\/div>\n<\/div>\n<\/div>\n<\/div>\n<div class=\"brz-row__container brz-css-1n0qmxj\" data-brz-custom-id=\"vrgcsghhlaednyrycpcpyywmazmexyofoevr\">\n<div class=\"brz-bg\"><\/div>\n<div class=\"brz-row brz-row--inner brz-css-1dsmizb brz-css-lr0mg3\">\n<div class=\"brz-columns brz-css-iznu6v brz-css-1ojz0je\" data-brz-custom-id=\"qgfogydewukgniegmbtzspjohzlktmpnqbgl\">\n<div class=\"brz-bg\"><\/div>\n<div class=\"brz-column__items brz-css-1fxpeki brz-css-19vz3av\">\n<div id=\"\" class=\"brz-css-pmsst4 brz-wrapper\">\n<div class=\"brz-rich-text brz-rich-text__custom brz-css-7zqg7e\" data-brz-custom-id=\"qcaattdxdvbndbcnfxkwqdksbnkcvgjbitod\">\n<div data-brz-translate-text=\"1\">\n<p class=\"brz-tp-lg-paragraph brz-css-sB0ni\" data-uniq-id=\"judvm\" data-generated-css=\"brz-css-jiiuv\">Saturday<\/p>\n<\/div>\n<\/div>\n<\/div>\n<\/div>\n<\/div>\n<div class=\"brz-columns brz-css-iznu6v brz-css-ascrq7\" data-brz-custom-id=\"racpwkjpmjtszdwfavrghyjwknkckeoxkowe\">\n<div class=\"brz-bg\"><\/div>\n<div class=\"brz-column__items brz-css-1fxpeki brz-css-weqc9h\">\n<div id=\"\" class=\"brz-css-pmsst4 brz-wrapper\">\n<div class=\"brz-rich-text brz-rich-text__custom brz-css-7zqg7e\" data-brz-custom-id=\"ovprtngptctofwtiulqnybheeyfrqxjgpqeg\">\n<div data-brz-translate-text=\"1\">\n<p class=\"brz-tp-lg-paragraph brz-css-aeqmM\" data-generated-css=\"brz-css-mbqny\" data-uniq-id=\"wjhbh\">11.30 &#8211; 14.30<\/p>\n<\/div>\n<\/div>\n<\/div>\n<\/div>\n<\/div>\n<div class=\"brz-columns brz-css-iznu6v brz-css-rhfway\" data-brz-custom-id=\"hflxpulqafghpzjhhacyjqxzcwzykufflnvp\">\n<div class=\"brz-bg\"><\/div>\n<div class=\"brz-column__items brz-css-1fxpeki brz-css-1gdjm05\">\n<div id=\"\" class=\"brz-css-pmsst4 brz-wrapper\">\n<div class=\"brz-rich-text brz-rich-text__custom brz-css-7zqg7e\" data-brz-custom-id=\"vjnakwezizqurmjusitmulvwzkapnjnikofy\">\n<div data-brz-translate-text=\"1\">\n<p class=\"brz-tp-lg-paragraph brz-css-aHtmF\" data-generated-css=\"brz-css-ibgha\" data-uniq-id=\"otdcd\">17.30 &#8211; 21.30 Uhr<\/p>\n<\/div>\n<\/div>\n<\/div>\n<\/div>\n<\/div>\n<\/div>\n<\/div>\n<div class=\"brz-row__container brz-css-1n0qmxj\" data-brz-custom-id=\"rltipknjoyixdxvdnboxgmhrbzdnhscrglle\">\n<div class=\"brz-bg\"><\/div>\n<div class=\"brz-row brz-row--inner brz-css-1dsmizb brz-css-krlrav\">\n<div class=\"brz-columns brz-css-iznu6v brz-css-15hamxf\" data-brz-custom-id=\"gtnjijuwycpepvghhfijssweykvnyetanolk\">\n<div class=\"brz-bg\"><\/div>\n<div class=\"brz-column__items brz-css-1fxpeki brz-css-z88r7a\">\n<div id=\"\" class=\"brz-css-pmsst4 brz-wrapper\">\n<div class=\"brz-rich-text brz-rich-text__custom brz-css-7zqg7e\" data-brz-custom-id=\"ignsvsitmdxdutybzjnycudzpgcsihdjvtbv\">\n<div data-brz-translate-text=\"1\">\n<p class=\"brz-tp-lg-paragraph brz-css-lBJDx\" data-generated-css=\"brz-css-lqzqt\" data-uniq-id=\"hktwd\">Sunday<\/p>\n<\/div>\n<\/div>\n<\/div>\n<\/div>\n<\/div>\n<div class=\"brz-columns brz-css-iznu6v brz-css-l63yps\" data-brz-custom-id=\"rowjktfbmuydppoowswyohoopynrpnmbyvvb\">\n<div class=\"brz-bg\"><\/div>\n<div class=\"brz-column__items brz-css-1fxpeki brz-css-1cvk5fh\">\n<div id=\"\" class=\"brz-css-pmsst4 brz-wrapper\">\n<div class=\"brz-rich-text brz-rich-text__custom brz-css-7zqg7e\" data-brz-custom-id=\"noavtybbshutqywogkassiesowuzipizydml\">\n<div data-brz-translate-text=\"1\">\n<p class=\"brz-tp-lg-paragraph brz-css-l03lc\" data-generated-css=\"brz-css-pmurv\" data-uniq-id=\"iiles\">11.30 &#8211; 14.30<\/p>\n<\/div>\n<\/div>\n<\/div>\n<\/div>\n<\/div>\n<div class=\"brz-columns brz-css-iznu6v brz-css-go47cx\" data-brz-custom-id=\"dqmqpsscreudtychgwdmlluducncmnsafhqr\">\n<div class=\"brz-bg\"><\/div>\n<div class=\"brz-column__items brz-css-1fxpeki brz-css-1jxce2r\">\n<div id=\"\" class=\"brz-css-pmsst4 brz-css-8u23ry brz-wrapper\">\n<div class=\"brz-spacer brz-css-1dgo7ac brz-css-1xf6vwp\"><\/div>\n<\/div>\n<\/div>\n<\/div>\n<\/div>\n<\/div>\n<\/div>\n<\/div>\n<div class=\"brz-columns brz-css-iznu6v\" data-brz-custom-id=\"tqnadwxrclertqukcqlyvuxqyxakpqvrsghz\">\n<div class=\"brz-bg\"><\/div>\n<div class=\"brz-column__items brz-css-1fxpeki brz-css-1b6aqgq\">\n<div id=\"\" class=\"brz-css-pmsst4 brz-wrapper\">\n<div data-brz-form-version=\"2\" class=\"brz-forms2 brz-css-fklu7\" data-brz-custom-id=\"cuxnzcmywbhexofzwxysmyvtitsswvxfzugh\">\n<div data-brz-translate-text=\"1\" class=\"brz-forms2__item brz-css-1pp40mu brz-css-14bb0hn brz-css-o9ykfy brz-css-fej3d2\"><\/div>\n<div data-brz-translate-text=\"1\" class=\"brz-forms2__item brz-css-1pp40mu brz-css-14bb0hn brz-css-o9ykfy brz-css-evq91e\"><\/div>\n<div data-brz-translate-text=\"1\" class=\"brz-forms2__item brz-css-1pp40mu brz-css-14bb0hn brz-css-o9ykfy brz-css-csjip2\"><\/div>\n<div data-brz-translate-text=\"1\" class=\"brz-forms2__item brz-css-1pp40mu brz-css-14bb0hn brz-css-o9ykfy brz-css-d6fbes\"><\/div>\n<div data-brz-translate-text=\"1\" class=\"brz-forms2__item brz-css-1pp40mu brz-css-14bb0hn brz-css-o9ykfy brz-css-1falysl\"><textarea id=\"jFLoui9X0dT0_fa0a48605cb6e95384fd\" name=\"fsyslrvqzjozzjsyhlrsjnjvpptmgllcmyky\" data-brz-type=\"Paragraph\" data-brz-label=\"Ihre Nachricht\" data-brz-placeholder=\"Ihre Nachricht\" class=\"brz-textarea brz-forms2__field brz-forms2__field-paragraph\"><\/textarea><\/div>\n<div data-brz-translate-text=\"1\" class=\"brz-forms2__item brz-css-1pp40mu brz-css-14bb0hn brz-css-o9ykfy\">\n<div class=\"brz-forms2__field brz-forms2__checkbox\">\n<div class=\"brz-control__check-group brz-forms2__checkbox-options\">\n<div data-brz-translate-text=\"1\" class=\"brz-control__check-group-option brz-forms2__checkbox-option\"><label class=\"brz-label\" for=\"xKPQJjnqsfAE\"><\/p>\n<div class=\"brz-control__check-group-icon brz-control__check-group--check\"><\/div>\n<div class=\"brz-control__check-group-icon brz-control__check-group--uncheck\"><\/div>\n<p><span class=\"brz-forms2__checkbox-option-name brz-span\">I accept the privacy policy!*<\/span><\/label><\/div>\n<\/div>\n<\/div>\n<\/div>\n<div class=\"brz-forms2 brz-forms2__item brz-forms2__item-button\" data-brz-custom-id=\"cuxnzcmywbhexofzwxysmyvtitsswvxfzugh\"><button class=\"brz-btn brz-btn-submit brz-css-txqd06\" data-brz-custom-id=\"uquqrwroomzqouiwdlvtxpjccvqphdbzpiyk\"><span data-brz-translate-text=\"1\" class=\"brz-span brz-text__editor\">Send message<\/span><\/button><\/div>\n<div class=\"brz-g-recaptcha\" data-sitekey=\"\" data-size=\"invisible\" data-callback=\"brzFormV2Captcha\"><\/div>\n<\/div>\n<\/div>\n<div id=\"\" class=\"brz-css-pmsst4 brz-wrapper\">\n<div class=\"brz-rich-text brz-rich-text__custom brz-css-7zqg7e\" data-brz-custom-id=\"fthwphuqvcvuhedngirjignkzlejdvmcfcys\">\n<div data-brz-translate-text=\"1\">\n<p data-generated-css=\"brz-css-zznjn\" class=\"brz-css-aFJ_z\"><a class=\"link--external\" href=\"\/en\/datenschutzerklaerung\/\" data-brz-link-type=\"external\" target=\"_blank\">*Here you can find our privacy policy.<\/a><\/p>\n<\/div>\n<\/div>\n<\/div>\n<\/div>\n<\/div>\n<\/div>\n<\/div>\n<\/div>\n<\/div>\n<\/section>\n<\/div>\n<p>    <!-- version:1746494252 --><\/p>","protected":false},"excerpt":{"rendered":"<p>Kontakt Restaurant Hotel Waldhorn B\u00f6blinger Str. 38 71088 Holzgerlingen Adresse mit Googlemaps \u00f6ffnen Mitten im Naturpark Sch\u00f6nbuch gelegen, erreichen Sie unser traditionsreiches Haus in 10 Minuten von der Autobahn A81 (Ausfahrt B464 Richtung Holzgerlingen), in 25 Minuten vom Flughafen Stuttgart oder mit der Bahn (vom Bahnhof B\u00f6blingen mit der Sch\u00f6nbuchbahn, 5 Minuten Fu\u00dfweg zum Hotel). [&hellip;]<\/p>\n","protected":false},"author":2,"featured_media":0,"parent":0,"menu_order":0,"comment_status":"closed","ping_status":"closed","template":"brizy-blank-template.php","meta":{"footnotes":""},"class_list":["post-32","page","type-page","status-publish","hentry"],"blocksy_meta":[],"aioseo_notices":[],"brizy_media":[{"id":668,"url":"https:\/\/www.waldhorn-holzgerlingen.de\/wp-content\/uploads\/2022\/02\/restaurant-hotel-waldhorn-holzgerlingen-rezeption-header.jpg","name":"restaurant-hotel-waldhorn-holzgerlingen-rezeption-header.jpg","meta":{"brizy_attachment_uid":"wp-eda8096fcc768028527a2dc17b532c02.jpg","brizy_post_uid":["ec02858b72f915a6d1e3333ea01162b0"]}},{"id":2120,"url":"https:\/\/www.waldhorn-holzgerlingen.de\/wp-content\/uploads\/2025\/05\/DSC000491-scaled.jpg","name":"DSC000491.jpg","meta":{"brizy_attachment_uid":"wp-4c004493bdd94f7128a1b3cd60bb91a3.jpg","brizy_post_uid":["ec02858b72f915a6d1e3333ea01162b0"]}}],"_links":{"self":[{"href":"https:\/\/www.waldhorn-holzgerlingen.de\/en\/wp-json\/wp\/v2\/pages\/32","targetHints":{"allow":["GET"]}}],"collection":[{"href":"https:\/\/www.waldhorn-holzgerlingen.de\/en\/wp-json\/wp\/v2\/pages"}],"about":[{"href":"https:\/\/www.waldhorn-holzgerlingen.de\/en\/wp-json\/wp\/v2\/types\/page"}],"author":[{"embeddable":true,"href":"https:\/\/www.waldhorn-holzgerlingen.de\/en\/wp-json\/wp\/v2\/users\/2"}],"replies":[{"embeddable":true,"href":"https:\/\/www.waldhorn-holzgerlingen.de\/en\/wp-json\/wp\/v2\/comments?post=32"}],"version-history":[{"count":30,"href":"https:\/\/www.waldhorn-holzgerlingen.de\/en\/wp-json\/wp\/v2\/pages\/32\/revisions"}],"predecessor-version":[{"id":2130,"href":"https:\/\/www.waldhorn-holzgerlingen.de\/en\/wp-json\/wp\/v2\/pages\/32\/revisions\/2130"}],"wp:attachment":[{"href":"https:\/\/www.waldhorn-holzgerlingen.de\/en\/wp-json\/wp\/v2\/media?parent=32"}],"curies":[{"name":"wp","href":"https:\/\/api.w.org\/{rel}","templated":true}]}}